{"id":10717,"date":"2021-04-30T12:51:42","date_gmt":"2021-04-30T10:51:42","guid":{"rendered":"http:\/\/invado-mtb.pro-format.com\/anleitungsvideos\/"},"modified":"2021-08-03T14:49:45","modified_gmt":"2021-08-03T12:49:45","slug":"instruktazne-videa","status":"publish","type":"page","link":"https:\/\/invado-mtb.pl\/sk\/instruktazne-videa\/","title":{"rendered":"In\u0161trukt\u00e1\u017ene vide\u00e1"},"content":{"rendered":"","protected":false},"excerpt":{"rendered":"","protected":false},"author":2,"featured_media":0,"parent":0,"menu_order":0,"comment_status":"closed","ping_status":"closed","template":"templates\/page-onepage.php","meta":{"_acf_changed":false,"footnotes":""},"class_list":["post-10717","page","type-page","status-publish","hentry"],"acf":[],"_links":{"self":[{"href":"https:\/\/invado-mtb.pl\/sk\/wp-json\/wp\/v2\/pages\/10717","targetHints":{"allow":["GET"]}}],"collection":[{"href":"https:\/\/invado-mtb.pl\/sk\/wp-json\/wp\/v2\/pages"}],"about":[{"href":"https:\/\/invado-mtb.pl\/sk\/wp-json\/wp\/v2\/types\/page"}],"author":[{"embeddable":true,"href":"https:\/\/invado-mtb.pl\/sk\/wp-json\/wp\/v2\/users\/2"}],"replies":[{"embeddable":true,"href":"https:\/\/invado-mtb.pl\/sk\/wp-json\/wp\/v2\/comments?post=10717"}],"version-history":[{"count":0,"href":"https:\/\/invado-mtb.pl\/sk\/wp-json\/wp\/v2\/pages\/10717\/revisions"}],"wp:attachment":[{"href":"https:\/\/invado-mtb.pl\/sk\/wp-json\/wp\/v2\/media?parent=10717"}],"curies":[{"name":"wp","href":"https:\/\/api.w.org\/{rel}","templated":true}]}}